{"id":201,"date":"2024-01-28T18:56:40","date_gmt":"2024-01-28T18:56:40","guid":{"rendered":"https:\/\/delocosrestaurant.com\/?page_id=201"},"modified":"2025-08-01T15:22:15","modified_gmt":"2025-08-01T15:22:15","slug":"nuestro-restaurante","status":"publish","type":"page","link":"https:\/\/delocosrestaurant.com\/en\/nuestro-restaurante","title":{"rendered":"About us"},"content":{"rendered":"<div data-elementor-type=\"wp-page\" data-elementor-id=\"201\" class=\"elementor elementor-201\" data-elementor-post-type=\"page\">\n\t\t\t\t\t\t<section class=\"elementor-section elementor-top-section elementor-element elementor-element-24a7d1d2 elementor-section-height-min-height elementor-section-boxed elementor-section-height-default elementor-section-items-middle elementor-invisible\" data-id=\"24a7d1d2\" data-element_type=\"section\" data-e-type=\"section\" data-settings=\"{&quot;background_background&quot;:&quot;classic&quot;,&quot;animation&quot;:&quot;fadeIn&quot;}\">\n\t\t\t\t\t\t\t<div class=\"elementor-background-overlay\"><\/div>\n\t\t\t\t\t\t\t<div class=\"elementor-container elementor-column-gap-default\">\n\t\t\t\t\t<div class=\"elementor-column elementor-col-100 elementor-top-column elementor-element elementor-element-39021910\" data-id=\"39021910\" data-element_type=\"column\" data-e-type=\"column\">\n\t\t\t<div class=\"elementor-widget-wrap elementor-element-populated\">\n\t\t\t\t\t\t<div class=\"elementor-element elementor-element-2e7dbcf8 elementor-invisible elementor-widget elementor-widget-heading\" data-id=\"2e7dbcf8\" data-element_type=\"widget\" data-e-type=\"widget\" data-settings=\"{&quot;_animation&quot;:&quot;fadeIn&quot;}\" data-widget_type=\"heading.default\">\n\t\t\t\t<div class=\"elementor-widget-container\">\n\t\t\t\t\t<h1 class=\"elementor-heading-title elementor-size-default\">DISCOVER OUR RESTAURANT<\/h1>\t\t\t\t<\/div>\n\t\t\t\t<\/div>\n\t\t\t\t\t<\/div>\n\t\t<\/div>\n\t\t\t\t\t<\/div>\n\t\t<\/section>\n\t\t\t\t<section class=\"elementor-section elementor-top-section elementor-element elementor-element-76ac3b9 elementor-section-boxed elementor-section-height-default elementor-section-height-default\" data-id=\"76ac3b9\" data-element_type=\"section\" data-e-type=\"section\" data-settings=\"{&quot;background_background&quot;:&quot;classic&quot;}\">\n\t\t\t\t\t\t<div class=\"elementor-container elementor-column-gap-default\">\n\t\t\t\t\t<div class=\"elementor-column elementor-col-100 elementor-top-column elementor-element elementor-element-f8700b8\" data-id=\"f8700b8\" data-element_type=\"column\" data-e-type=\"column\">\n\t\t\t<div class=\"elementor-widget-wrap elementor-element-populated\">\n\t\t\t\t\t\t<section class=\"elementor-section elementor-inner-section elementor-element elementor-element-84a2281 elementor-section-boxed elementor-section-height-default elementor-section-height-default\" data-id=\"84a2281\" data-element_type=\"section\" data-e-type=\"section\">\n\t\t\t\t\t\t<div class=\"elementor-container elementor-column-gap-default\">\n\t\t\t\t\t<div class=\"elementor-column elementor-col-33 elementor-inner-column elementor-element elementor-element-6f92a0d elementor-invisible\" data-id=\"6f92a0d\" data-element_type=\"column\" data-e-type=\"column\" data-settings=\"{&quot;animation&quot;:&quot;fadeIn&quot;}\">\n\t\t\t<div class=\"elementor-widget-wrap elementor-element-populated\">\n\t\t\t\t\t\t<div class=\"elementor-element elementor-element-4e3ce2e elementor-invisible elementor-widget elementor-widget-heading\" data-id=\"4e3ce2e\" data-element_type=\"widget\" data-e-type=\"widget\" data-settings=\"{&quot;_animation&quot;:&quot;fadeIn&quot;}\" data-widget_type=\"heading.default\">\n\t\t\t\t<div class=\"elementor-widget-container\">\n\t\t\t\t\t<h2 class=\"elementor-heading-title elementor-size-default\">DISCOVER OUR SPACE<\/h2>\t\t\t\t<\/div>\n\t\t\t\t<\/div>\n\t\t\t\t<div class=\"elementor-element elementor-element-d778d9e elementor-invisible elementor-widget elementor-widget-heading\" data-id=\"d778d9e\" data-element_type=\"widget\" data-e-type=\"widget\" data-settings=\"{&quot;_animation&quot;:&quot;fadeIn&quot;}\" data-widget_type=\"heading.default\">\n\t\t\t\t<div class=\"elementor-widget-container\">\n\t\t\t\t\t<h4 class=\"elementor-heading-title elementor-size-default\">delocos restaurant <\/h4>\t\t\t\t<\/div>\n\t\t\t\t<\/div>\n\t\t\t\t<div class=\"elementor-element elementor-element-10ee1d1 elementor-invisible elementor-widget elementor-widget-heading\" data-id=\"10ee1d1\" data-element_type=\"widget\" data-e-type=\"widget\" data-settings=\"{&quot;_animation&quot;:&quot;fadeIn&quot;}\" data-widget_type=\"heading.default\">\n\t\t\t\t<div class=\"elementor-widget-container\">\n\t\t\t\t\t<h4 class=\"elementor-heading-title elementor-size-default\">At DeLocos, we\u2019re a must-visit destination for true food lovers.\nBorn in T\u00e0rrega (Lleida), we go beyond the classic idea of a\nhamburger, adding originality, balance, and bold flavours to\neverything we serve.\nOur philosophy is rooted in two essential values: quality and\nproximity.Quality is the soul of our kitchen; we want every guest to\nenjoy an authentic gastronomic experience, surrounded by unique\nand unforgettable flavours.\nProximity connects us to our land; we work with local suppliers to\nsupport and strengthen our community.\nEnjoy a restaurant that specialises in burgers with personality and\ncreativity. For those who crave great food and friendly service.\nA place where everyone feels right at home.<\/h4>\t\t\t\t<\/div>\n\t\t\t\t<\/div>\n\t\t\t\t\t<\/div>\n\t\t<\/div>\n\t\t\t\t<div class=\"elementor-column elementor-col-33 elementor-inner-column elementor-element elementor-element-9e8314a elementor-hidden-tablet elementor-hidden-mobile elementor-invisible\" data-id=\"9e8314a\" data-element_type=\"column\" data-e-type=\"column\" data-settings=\"{&quot;background_background&quot;:&quot;classic&quot;,&quot;animation&quot;:&quot;fadeIn&quot;,&quot;animation_delay&quot;:300}\">\n\t\t\t<div class=\"elementor-widget-wrap elementor-element-populated\">\n\t\t\t\t\t\t<div class=\"elementor-element elementor-element-ed54f4f elementor-invisible elementor-widget elementor-widget-image\" data-id=\"ed54f4f\" data-element_type=\"widget\" data-e-type=\"widget\" data-settings=\"{&quot;_animation&quot;:&quot;fadeIn&quot;,&quot;_animation_delay&quot;:100}\" data-widget_type=\"image.default\">\n\t\t\t\t<div class=\"elementor-widget-container\">\n\t\t\t\t\t\t\t\t\t\t\t\t\t\t\t<img decoding=\"async\" src=\"https:\/\/delocosrestaurant.com\/wp-content\/uploads\/elementor\/thumbs\/DeLocos_01-scaled-qizfpiuj19ba78d99nw564sexaxpfaaphfdzukhcw8.webp\" title=\"DeLocos_01\" alt=\"DeLocos_01\" loading=\"lazy\" \/>\t\t\t\t\t\t\t\t\t\t\t\t\t\t\t<\/div>\n\t\t\t\t<\/div>\n\t\t\t\t<div class=\"elementor-element elementor-element-c63fef6 elementor-invisible elementor-widget elementor-widget-image\" data-id=\"c63fef6\" data-element_type=\"widget\" data-e-type=\"widget\" data-settings=\"{&quot;_animation&quot;:&quot;fadeIn&quot;,&quot;_animation_delay&quot;:100}\" data-widget_type=\"image.default\">\n\t\t\t\t<div class=\"elementor-widget-container\">\n\t\t\t\t\t\t\t\t\t\t\t\t\t\t\t<img decoding=\"async\" src=\"https:\/\/delocosrestaurant.com\/wp-content\/uploads\/elementor\/thumbs\/DeLocos_05-scaled-qizfq6chs46bcaqjsaowc96x08th7xxmpopgskgkhk.webp\" title=\"DeLocos_05\" alt=\"DeLocos_05\" loading=\"lazy\" \/>\t\t\t\t\t\t\t\t\t\t\t\t\t\t\t<\/div>\n\t\t\t\t<\/div>\n\t\t\t\t\t<\/div>\n\t\t<\/div>\n\t\t\t\t<div class=\"elementor-column elementor-col-33 elementor-inner-column elementor-element elementor-element-585012b elementor-hidden-tablet elementor-hidden-mobile\" data-id=\"585012b\" data-element_type=\"column\" data-e-type=\"column\" data-settings=\"{&quot;background_background&quot;:&quot;classic&quot;}\">\n\t\t\t<div class=\"elementor-widget-wrap elementor-element-populated\">\n\t\t\t\t\t\t<div class=\"elementor-element elementor-element-b89fad0 elementor-invisible elementor-widget elementor-widget-image\" data-id=\"b89fad0\" data-element_type=\"widget\" data-e-type=\"widget\" data-settings=\"{&quot;_animation&quot;:&quot;fadeIn&quot;,&quot;_animation_delay&quot;:100}\" data-widget_type=\"image.default\">\n\t\t\t\t<div class=\"elementor-widget-container\">\n\t\t\t\t\t\t\t\t\t\t\t\t\t\t\t<img decoding=\"async\" src=\"https:\/\/delocosrestaurant.com\/wp-content\/uploads\/elementor\/thumbs\/DeLocos_02-scaled-qizfppfed3j5jbf4j3dm3dgmbb4vde2gncyq5l5nlk.webp\" title=\"DeLocos_02\" alt=\"DeLocos_02\" loading=\"lazy\" \/>\t\t\t\t\t\t\t\t\t\t\t\t\t\t\t<\/div>\n\t\t\t\t<\/div>\n\t\t\t\t<div class=\"elementor-element elementor-element-19cc23f elementor-invisible elementor-widget elementor-widget-image\" data-id=\"19cc23f\" data-element_type=\"widget\" data-e-type=\"widget\" data-settings=\"{&quot;_animation&quot;:&quot;fadeIn&quot;,&quot;_animation_delay&quot;:100}\" data-widget_type=\"image.default\">\n\t\t\t\t<div class=\"elementor-widget-container\">\n\t\t\t\t\t\t\t\t\t\t\t\t\t\t\t<img decoding=\"async\" src=\"https:\/\/delocosrestaurant.com\/wp-content\/uploads\/elementor\/thumbs\/DeLocos_04-scaled-qizfq0pgn3zqbtnbddm1zia67mhohj9lvvs7ytqvm0.webp\" title=\"DeLocos_04\" alt=\"DeLocos_04\" loading=\"lazy\" \/>\t\t\t\t\t\t\t\t\t\t\t\t\t\t\t<\/div>\n\t\t\t\t<\/div>\n\t\t\t\t\t<\/div>\n\t\t<\/div>\n\t\t\t\t\t<\/div>\n\t\t<\/section>\n\t\t\t\t\t<\/div>\n\t\t<\/div>\n\t\t\t\t\t<\/div>\n\t\t<\/section>\n\t\t\t\t<\/div>","protected":false},"excerpt":{"rendered":"<p>Conoce nuestro restaurante Conoce nuestro local delocos restaurant En DeLocos somos una propuesta gastron\u00f3mica diferente, un destino imprescindible para los amantes de las hamburguesas con personalidad. Nacidos en T\u00e0rrega (Lleida), nuestra pasi\u00f3n es llevar la smash burger a un nivel gourmet, rompiendo con la idea tradicional de hamburguesa y apostando por sabores originales, equilibrados y [&hellip;]<\/p>\n","protected":false},"author":1,"featured_media":0,"parent":0,"menu_order":0,"comment_status":"closed","ping_status":"closed","template":"","meta":{"footnotes":""},"class_list":["post-201","page","type-page","status-publish","hentry"],"yoast_head":"<!-- This site is optimized with the Yoast SEO plugin v27.4 - https:\/\/yoast.com\/product\/yoast-seo-wordpress\/ -->\n<title>Conoce nuestro restaurante - Delocos<\/title>\n<meta name=\"description\" content=\"Conoce la historia detr\u00e1s de nuestro restaurante en T\u00e0rrega y el chef chiflado que hay detr\u00e1s de DeLocos, la mejor hamburgueser\u00eda.\" \/>\n<meta name=\"robots\" content=\"index, follow, max-snippet:-1, max-image-preview:large, max-video-preview:-1\" \/>\n<link rel=\"canonical\" href=\"https:\/\/delocosrestaurant.com\/en\/nuestro-restaurante\/\" \/>\n<meta property=\"og:locale\" content=\"en_GB\" \/>\n<meta property=\"og:type\" content=\"article\" \/>\n<meta property=\"og:title\" content=\"Conoce nuestro restaurante - Delocos\" \/>\n<meta property=\"og:description\" content=\"Conoce la historia detr\u00e1s de nuestro restaurante en T\u00e0rrega y el chef chiflado que hay detr\u00e1s de DeLocos, la mejor hamburgueser\u00eda.\" \/>\n<meta property=\"og:url\" content=\"https:\/\/delocosrestaurant.com\/en\/nuestro-restaurante\/\" \/>\n<meta property=\"og:site_name\" content=\"Delocos\" \/>\n<meta property=\"article:modified_time\" content=\"2025-08-01T15:22:15+00:00\" \/>\n<meta property=\"og:image\" content=\"https:\/\/delocosrestaurant.com\/wp-content\/uploads\/elementor\/thumbs\/DeLocos_01-scaled-qizfpiuj19ba78d99nw564sexaxpfaaphfdzukhcw8.webp\" \/>\n<meta name=\"twitter:card\" content=\"summary_large_image\" \/>\n<meta name=\"twitter:label1\" content=\"Estimated reading time\" \/>\n\t<meta name=\"twitter:data1\" content=\"2 minutes\" \/>\n<script type=\"application\/ld+json\" class=\"yoast-schema-graph\">{\"@context\":\"https:\\\/\\\/schema.org\",\"@graph\":[{\"@type\":\"WebPage\",\"@id\":\"https:\\\/\\\/delocosrestaurant.com\\\/nuestro-restaurante\",\"url\":\"https:\\\/\\\/delocosrestaurant.com\\\/nuestro-restaurante\",\"name\":\"Conoce nuestro restaurante - Delocos\",\"isPartOf\":{\"@id\":\"https:\\\/\\\/delocosrestaurant.com\\\/#website\"},\"primaryImageOfPage\":{\"@id\":\"https:\\\/\\\/delocosrestaurant.com\\\/nuestro-restaurante#primaryimage\"},\"image\":{\"@id\":\"https:\\\/\\\/delocosrestaurant.com\\\/nuestro-restaurante#primaryimage\"},\"thumbnailUrl\":\"https:\\\/\\\/delocosrestaurant.com\\\/wp-content\\\/uploads\\\/elementor\\\/thumbs\\\/DeLocos_01-scaled-qizfpiuj19ba78d99nw564sexaxpfaaphfdzukhcw8.webp\",\"datePublished\":\"2024-01-28T18:56:40+00:00\",\"dateModified\":\"2025-08-01T15:22:15+00:00\",\"description\":\"Conoce la historia detr\u00e1s de nuestro restaurante en T\u00e0rrega y el chef chiflado que hay detr\u00e1s de DeLocos, la mejor hamburgueser\u00eda.\",\"breadcrumb\":{\"@id\":\"https:\\\/\\\/delocosrestaurant.com\\\/nuestro-restaurante#breadcrumb\"},\"inLanguage\":\"en-GB\",\"potentialAction\":[{\"@type\":\"ReadAction\",\"target\":[\"https:\\\/\\\/delocosrestaurant.com\\\/nuestro-restaurante\"]}]},{\"@type\":\"ImageObject\",\"inLanguage\":\"en-GB\",\"@id\":\"https:\\\/\\\/delocosrestaurant.com\\\/nuestro-restaurante#primaryimage\",\"url\":\"https:\\\/\\\/delocosrestaurant.com\\\/wp-content\\\/uploads\\\/elementor\\\/thumbs\\\/DeLocos_01-scaled-qizfpiuj19ba78d99nw564sexaxpfaaphfdzukhcw8.webp\",\"contentUrl\":\"https:\\\/\\\/delocosrestaurant.com\\\/wp-content\\\/uploads\\\/elementor\\\/thumbs\\\/DeLocos_01-scaled-qizfpiuj19ba78d99nw564sexaxpfaaphfdzukhcw8.webp\"},{\"@type\":\"BreadcrumbList\",\"@id\":\"https:\\\/\\\/delocosrestaurant.com\\\/nuestro-restaurante#breadcrumb\",\"itemListElement\":[{\"@type\":\"ListItem\",\"position\":1,\"name\":\"Portada\",\"item\":\"https:\\\/\\\/delocosrestaurant.com\\\/\"},{\"@type\":\"ListItem\",\"position\":2,\"name\":\"Nosotros\"}]},{\"@type\":\"WebSite\",\"@id\":\"https:\\\/\\\/delocosrestaurant.com\\\/#website\",\"url\":\"https:\\\/\\\/delocosrestaurant.com\\\/\",\"name\":\"Delocos\",\"description\":\"\",\"publisher\":{\"@id\":\"https:\\\/\\\/delocosrestaurant.com\\\/#organization\"},\"potentialAction\":[{\"@type\":\"SearchAction\",\"target\":{\"@type\":\"EntryPoint\",\"urlTemplate\":\"https:\\\/\\\/delocosrestaurant.com\\\/?s={search_term_string}\"},\"query-input\":{\"@type\":\"PropertyValueSpecification\",\"valueRequired\":true,\"valueName\":\"search_term_string\"}}],\"inLanguage\":\"en-GB\"},{\"@type\":\"Organization\",\"@id\":\"https:\\\/\\\/delocosrestaurant.com\\\/#organization\",\"name\":\"Delocos\",\"url\":\"https:\\\/\\\/delocosrestaurant.com\\\/\",\"logo\":{\"@type\":\"ImageObject\",\"inLanguage\":\"en-GB\",\"@id\":\"https:\\\/\\\/delocosrestaurant.com\\\/#\\\/schema\\\/logo\\\/image\\\/\",\"url\":\"https:\\\/\\\/delocosrestaurant.com\\\/wp-content\\\/uploads\\\/2023\\\/12\\\/Mesa-de-trabajo-1_1-_1_-1.webp\",\"contentUrl\":\"https:\\\/\\\/delocosrestaurant.com\\\/wp-content\\\/uploads\\\/2023\\\/12\\\/Mesa-de-trabajo-1_1-_1_-1.webp\",\"width\":1908,\"height\":422,\"caption\":\"Delocos\"},\"image\":{\"@id\":\"https:\\\/\\\/delocosrestaurant.com\\\/#\\\/schema\\\/logo\\\/image\\\/\"}}]}<\/script>\n<!-- \/ Yoast SEO plugin. -->","yoast_head_json":{"title":"Conoce nuestro restaurante - Delocos","description":"Conoce la historia detr\u00e1s de nuestro restaurante en T\u00e0rrega y el chef chiflado que hay detr\u00e1s de DeLocos, la mejor hamburgueser\u00eda.","robots":{"index":"index","follow":"follow","max-snippet":"max-snippet:-1","max-image-preview":"max-image-preview:large","max-video-preview":"max-video-preview:-1"},"canonical":"https:\/\/delocosrestaurant.com\/en\/nuestro-restaurante\/","og_locale":"en_GB","og_type":"article","og_title":"Conoce nuestro restaurante - Delocos","og_description":"Conoce la historia detr\u00e1s de nuestro restaurante en T\u00e0rrega y el chef chiflado que hay detr\u00e1s de DeLocos, la mejor hamburgueser\u00eda.","og_url":"https:\/\/delocosrestaurant.com\/en\/nuestro-restaurante\/","og_site_name":"Delocos","article_modified_time":"2025-08-01T15:22:15+00:00","og_image":[{"url":"https:\/\/delocosrestaurant.com\/wp-content\/uploads\/elementor\/thumbs\/DeLocos_01-scaled-qizfpiuj19ba78d99nw564sexaxpfaaphfdzukhcw8.webp","type":"","width":"","height":""}],"twitter_card":"summary_large_image","twitter_misc":{"Estimated reading time":"2 minutes"},"schema":{"@context":"https:\/\/schema.org","@graph":[{"@type":"WebPage","@id":"https:\/\/delocosrestaurant.com\/nuestro-restaurante","url":"https:\/\/delocosrestaurant.com\/nuestro-restaurante","name":"Conoce nuestro restaurante - Delocos","isPartOf":{"@id":"https:\/\/delocosrestaurant.com\/#website"},"primaryImageOfPage":{"@id":"https:\/\/delocosrestaurant.com\/nuestro-restaurante#primaryimage"},"image":{"@id":"https:\/\/delocosrestaurant.com\/nuestro-restaurante#primaryimage"},"thumbnailUrl":"https:\/\/delocosrestaurant.com\/wp-content\/uploads\/elementor\/thumbs\/DeLocos_01-scaled-qizfpiuj19ba78d99nw564sexaxpfaaphfdzukhcw8.webp","datePublished":"2024-01-28T18:56:40+00:00","dateModified":"2025-08-01T15:22:15+00:00","description":"Conoce la historia detr\u00e1s de nuestro restaurante en T\u00e0rrega y el chef chiflado que hay detr\u00e1s de DeLocos, la mejor hamburgueser\u00eda.","breadcrumb":{"@id":"https:\/\/delocosrestaurant.com\/nuestro-restaurante#breadcrumb"},"inLanguage":"en-GB","potentialAction":[{"@type":"ReadAction","target":["https:\/\/delocosrestaurant.com\/nuestro-restaurante"]}]},{"@type":"ImageObject","inLanguage":"en-GB","@id":"https:\/\/delocosrestaurant.com\/nuestro-restaurante#primaryimage","url":"https:\/\/delocosrestaurant.com\/wp-content\/uploads\/elementor\/thumbs\/DeLocos_01-scaled-qizfpiuj19ba78d99nw564sexaxpfaaphfdzukhcw8.webp","contentUrl":"https:\/\/delocosrestaurant.com\/wp-content\/uploads\/elementor\/thumbs\/DeLocos_01-scaled-qizfpiuj19ba78d99nw564sexaxpfaaphfdzukhcw8.webp"},{"@type":"BreadcrumbList","@id":"https:\/\/delocosrestaurant.com\/nuestro-restaurante#breadcrumb","itemListElement":[{"@type":"ListItem","position":1,"name":"Portada","item":"https:\/\/delocosrestaurant.com\/"},{"@type":"ListItem","position":2,"name":"Nosotros"}]},{"@type":"WebSite","@id":"https:\/\/delocosrestaurant.com\/#website","url":"https:\/\/delocosrestaurant.com\/","name":"Delocos","description":"","publisher":{"@id":"https:\/\/delocosrestaurant.com\/#organization"},"potentialAction":[{"@type":"SearchAction","target":{"@type":"EntryPoint","urlTemplate":"https:\/\/delocosrestaurant.com\/?s={search_term_string}"},"query-input":{"@type":"PropertyValueSpecification","valueRequired":true,"valueName":"search_term_string"}}],"inLanguage":"en-GB"},{"@type":"Organization","@id":"https:\/\/delocosrestaurant.com\/#organization","name":"Delocos","url":"https:\/\/delocosrestaurant.com\/","logo":{"@type":"ImageObject","inLanguage":"en-GB","@id":"https:\/\/delocosrestaurant.com\/#\/schema\/logo\/image\/","url":"https:\/\/delocosrestaurant.com\/wp-content\/uploads\/2023\/12\/Mesa-de-trabajo-1_1-_1_-1.webp","contentUrl":"https:\/\/delocosrestaurant.com\/wp-content\/uploads\/2023\/12\/Mesa-de-trabajo-1_1-_1_-1.webp","width":1908,"height":422,"caption":"Delocos"},"image":{"@id":"https:\/\/delocosrestaurant.com\/#\/schema\/logo\/image\/"}}]}},"_links":{"self":[{"href":"https:\/\/delocosrestaurant.com\/en\/wp-json\/wp\/v2\/pages\/201","targetHints":{"allow":["GET"]}}],"collection":[{"href":"https:\/\/delocosrestaurant.com\/en\/wp-json\/wp\/v2\/pages"}],"about":[{"href":"https:\/\/delocosrestaurant.com\/en\/wp-json\/wp\/v2\/types\/page"}],"author":[{"embeddable":true,"href":"https:\/\/delocosrestaurant.com\/en\/wp-json\/wp\/v2\/users\/1"}],"replies":[{"embeddable":true,"href":"https:\/\/delocosrestaurant.com\/en\/wp-json\/wp\/v2\/comments?post=201"}],"version-history":[{"count":109,"href":"https:\/\/delocosrestaurant.com\/en\/wp-json\/wp\/v2\/pages\/201\/revisions"}],"predecessor-version":[{"id":2213,"href":"https:\/\/delocosrestaurant.com\/en\/wp-json\/wp\/v2\/pages\/201\/revisions\/2213"}],"wp:attachment":[{"href":"https:\/\/delocosrestaurant.com\/en\/wp-json\/wp\/v2\/media?parent=201"}],"curies":[{"name":"wp","href":"https:\/\/api.w.org\/{rel}","templated":true}]}}