{"id":485,"date":"2024-02-03T22:20:35","date_gmt":"2024-02-03T22:20:35","guid":{"rendered":"https:\/\/delocosrestaurant.com\/?page_id=485"},"modified":"2024-02-04T13:52:22","modified_gmt":"2024-02-04T13:52:22","slug":"sala-de-eventos","status":"publish","type":"page","link":"https:\/\/delocosrestaurant.com\/ca\/sala-de-eventos","title":{"rendered":"Sala d\u2019esdeveniments"},"content":{"rendered":"<div data-elementor-type=\"wp-page\" data-elementor-id=\"485\" class=\"elementor elementor-485\" data-elementor-post-type=\"page\">\n\t\t\t\t\t\t<section class=\"elementor-section elementor-top-section elementor-element elementor-element-d6e44b0 elementor-section-height-min-height elementor-section-boxed elementor-section-height-default elementor-section-items-middle elementor-invisible\" data-id=\"d6e44b0\" data-element_type=\"section\" data-e-type=\"section\" data-settings=\"{&quot;background_background&quot;:&quot;classic&quot;,&quot;animation&quot;:&quot;fadeIn&quot;}\">\n\t\t\t\t\t\t\t<div class=\"elementor-background-overlay\"><\/div>\n\t\t\t\t\t\t\t<div class=\"elementor-container elementor-column-gap-default\">\n\t\t\t\t\t<div class=\"elementor-column elementor-col-100 elementor-top-column elementor-element elementor-element-551b8ea\" data-id=\"551b8ea\" data-element_type=\"column\" data-e-type=\"column\">\n\t\t\t<div class=\"elementor-widget-wrap elementor-element-populated\">\n\t\t\t\t\t\t<div class=\"elementor-element elementor-element-ad03dc5 elementor-invisible elementor-widget elementor-widget-heading\" data-id=\"ad03dc5\" data-element_type=\"widget\" data-e-type=\"widget\" data-settings=\"{&quot;_animation&quot;:&quot;fadeIn&quot;}\" data-widget_type=\"heading.default\">\n\t\t\t\t<div class=\"elementor-widget-container\">\n\t\t\t\t\t<h1 class=\"elementor-heading-title elementor-size-default\">Descobreix la nostra <span style=\"color:#B70000\"> <b>D\u2019ESDEVENIMENTS<\/b><\/h1>\t\t\t\t<\/div>\n\t\t\t\t<\/div>\n\t\t\t\t\t<\/div>\n\t\t<\/div>\n\t\t\t\t\t<\/div>\n\t\t<\/section>\n\t\t<div class=\"elementor-element elementor-element-4dd8b41 e-flex e-con-boxed e-con e-parent\" data-id=\"4dd8b41\" data-element_type=\"container\" data-e-type=\"container\">\n\t\t\t\t\t<div class=\"e-con-inner\">\n\t\t\t\t<div class=\"elementor-element elementor-element-5fcad21 elementor-widget elementor-widget-spacer\" data-id=\"5fcad21\" data-element_type=\"widget\" data-e-type=\"widget\" data-widget_type=\"spacer.default\">\n\t\t\t\t<div class=\"elementor-widget-container\">\n\t\t\t\t\t\t\t<div class=\"elementor-spacer\">\n\t\t\t<div class=\"elementor-spacer-inner\"><\/div>\n\t\t<\/div>\n\t\t\t\t\t\t<\/div>\n\t\t\t\t<\/div>\n\t\t\t\t\t<\/div>\n\t\t\t\t<\/div>\n\t\t<div class=\"elementor-element elementor-element-d04f5fa e-flex e-con-boxed e-con e-parent\" data-id=\"d04f5fa\" data-element_type=\"container\" data-e-type=\"container\">\n\t\t\t\t\t<div class=\"e-con-inner\">\n\t\t<div class=\"elementor-element elementor-element-10deca1 e-con-full e-flex e-con e-child\" data-id=\"10deca1\" data-element_type=\"container\" data-e-type=\"container\">\n\t\t\t\t<div class=\"elementor-element elementor-element-3edec74 elementor-widget__width-initial e-transform elementor-invisible elementor-widget elementor-widget-heading\" data-id=\"3edec74\" data-element_type=\"widget\" data-e-type=\"widget\" data-settings=\"{&quot;_animation&quot;:&quot;fadeIn&quot;,&quot;_transform_skewX_effect_hover&quot;:{&quot;unit&quot;:&quot;px&quot;,&quot;size&quot;:&quot;&quot;,&quot;sizes&quot;:[]},&quot;_transform_skewX_effect_hover_tablet&quot;:{&quot;unit&quot;:&quot;deg&quot;,&quot;size&quot;:&quot;&quot;,&quot;sizes&quot;:[]},&quot;_transform_skewX_effect_hover_mobile&quot;:{&quot;unit&quot;:&quot;deg&quot;,&quot;size&quot;:&quot;&quot;,&quot;sizes&quot;:[]},&quot;_transform_skewY_effect_hover&quot;:{&quot;unit&quot;:&quot;px&quot;,&quot;size&quot;:&quot;&quot;,&quot;sizes&quot;:[]},&quot;_transform_skewY_effect_hover_tablet&quot;:{&quot;unit&quot;:&quot;deg&quot;,&quot;size&quot;:&quot;&quot;,&quot;sizes&quot;:[]},&quot;_transform_skewY_effect_hover_mobile&quot;:{&quot;unit&quot;:&quot;deg&quot;,&quot;size&quot;:&quot;&quot;,&quot;sizes&quot;:[]}}\" data-widget_type=\"heading.default\">\n\t\t\t\t<div class=\"elementor-widget-container\">\n\t\t\t\t\t<h2 class=\"elementor-heading-title elementor-size-default\">Vols gaudir de DeLocos a una sala privada?<\/h2>\t\t\t\t<\/div>\n\t\t\t\t<\/div>\n\t\t\t\t<div class=\"elementor-element elementor-element-49d20df elementor-widget__width-initial e-transform elementor-invisible elementor-widget elementor-widget-heading\" data-id=\"49d20df\" data-element_type=\"widget\" data-e-type=\"widget\" data-settings=\"{&quot;_animation&quot;:&quot;fadeIn&quot;,&quot;_transform_skewX_effect_hover&quot;:{&quot;unit&quot;:&quot;px&quot;,&quot;size&quot;:&quot;&quot;,&quot;sizes&quot;:[]},&quot;_transform_skewX_effect_hover_tablet&quot;:{&quot;unit&quot;:&quot;deg&quot;,&quot;size&quot;:&quot;&quot;,&quot;sizes&quot;:[]},&quot;_transform_skewX_effect_hover_mobile&quot;:{&quot;unit&quot;:&quot;deg&quot;,&quot;size&quot;:&quot;&quot;,&quot;sizes&quot;:[]},&quot;_transform_skewY_effect_hover&quot;:{&quot;unit&quot;:&quot;px&quot;,&quot;size&quot;:&quot;&quot;,&quot;sizes&quot;:[]},&quot;_transform_skewY_effect_hover_tablet&quot;:{&quot;unit&quot;:&quot;deg&quot;,&quot;size&quot;:&quot;&quot;,&quot;sizes&quot;:[]},&quot;_transform_skewY_effect_hover_mobile&quot;:{&quot;unit&quot;:&quot;deg&quot;,&quot;size&quot;:&quot;&quot;,&quot;sizes&quot;:[]}}\" data-widget_type=\"heading.default\">\n\t\t\t\t<div class=\"elementor-widget-container\">\n\t\t\t\t\t<h3 class=\"elementor-heading-title elementor-size-default\">Llogueu la nostra salsa d'esdeveniments<\/h3>\t\t\t\t<\/div>\n\t\t\t\t<\/div>\n\t\t\t\t<div class=\"elementor-element elementor-element-d8ef6bd elementor-widget elementor-widget-text-editor\" data-id=\"d8ef6bd\" data-element_type=\"widget\" data-e-type=\"widget\" data-widget_type=\"text-editor.default\">\n\t\t\t\t<div class=\"elementor-widget-container\">\n\t\t\t\t\t\t\t\t\t<p>A DeLocos comptem amb una gran sala privada on celebrar els teus aniversaris i qualsevol altre esdeveniment que se t'acudeixi. Si vols gaudir d'unes hamburgueses de bogeria en un ambient tranquil amb els teus, aix\u00f2 \u00e9s el que est\u00e0s buscant.<\/p>\n<p><span style=\"font-family: var( --e-global-typography-text-font-family ), Sans-serif; font-size: 1rem; font-weight: var( --e-global-typography-text-font-weight ); text-align: var(--text-align);\">Per reservar la sala d'esdeveniments de DeLocos nom\u00e9s ens has de contactar i nosaltres resoldrem tots els teus dubtes T'esperem!&nbsp;<\/span><br><\/p>\t\t\t\t\t\t\t\t<\/div>\n\t\t\t\t<\/div>\n\t\t\t\t<div class=\"elementor-element elementor-element-1b1fb4d elementor-align-left elementor-tablet-align-center elementor-widget__width-initial elementor-widget-mobile__width-inherit elementor-invisible elementor-widget elementor-widget-button\" data-id=\"1b1fb4d\" data-element_type=\"widget\" data-e-type=\"widget\" data-settings=\"{&quot;_animation&quot;:&quot;fadeIn&quot;}\" data-widget_type=\"button.default\">\n\t\t\t\t<div class=\"elementor-widget-container\">\n\t\t\t\t\t\t\t\t\t<div class=\"elementor-button-wrapper\">\n\t\t\t\t\t<a class=\"elementor-button elementor-button-link elementor-size-sm elementor-animation-grow\" href=\"https:\/\/delocosrestaurant.com\/ca\/contactos-y-reservas\/#contaco\">\n\t\t\t\t\t\t<span class=\"elementor-button-content-wrapper\">\n\t\t\t\t\t\t\t\t\t<span class=\"elementor-button-text\">Vull llogar la sala<\/span>\n\t\t\t\t\t<\/span>\n\t\t\t\t\t<\/a>\n\t\t\t\t<\/div>\n\t\t\t\t\t\t\t\t<\/div>\n\t\t\t\t<\/div>\n\t\t\t\t<\/div>\n\t\t<div class=\"elementor-element elementor-element-2384ebc e-con-full e-flex e-con e-child\" data-id=\"2384ebc\" data-element_type=\"container\" data-e-type=\"container\">\n\t\t\t\t<div class=\"elementor-element elementor-element-1df13df elementor-widget elementor-widget-spacer\" data-id=\"1df13df\" data-element_type=\"widget\" data-e-type=\"widget\" data-widget_type=\"spacer.default\">\n\t\t\t\t<div class=\"elementor-widget-container\">\n\t\t\t\t\t\t\t<div class=\"elementor-spacer\">\n\t\t\t<div class=\"elementor-spacer-inner\"><\/div>\n\t\t<\/div>\n\t\t\t\t\t\t<\/div>\n\t\t\t\t<\/div>\n\t\t\t\t<div class=\"elementor-element elementor-element-5a6df93 elementor-widget elementor-widget-image\" data-id=\"5a6df93\" data-element_type=\"widget\" data-e-type=\"widget\" data-widget_type=\"image.default\">\n\t\t\t\t<div class=\"elementor-widget-container\">\n\t\t\t\t\t\t\t\t\t\t\t\t\t\t\t<img fetchpriority=\"high\" decoding=\"async\" width=\"800\" height=\"534\" src=\"https:\/\/delocosrestaurant.com\/wp-content\/uploads\/2024\/01\/DeLocos_02-1024x683.webp\" class=\"attachment-large size-large wp-image-299\" alt=\"\" srcset=\"https:\/\/delocosrestaurant.com\/wp-content\/uploads\/2024\/01\/DeLocos_02-1024x683.webp 1024w, https:\/\/delocosrestaurant.com\/wp-content\/uploads\/2024\/01\/DeLocos_02-300x200.webp 300w, https:\/\/delocosrestaurant.com\/wp-content\/uploads\/2024\/01\/DeLocos_02-768x512.webp 768w, https:\/\/delocosrestaurant.com\/wp-content\/uploads\/2024\/01\/DeLocos_02-1536x1024.webp 1536w, https:\/\/delocosrestaurant.com\/wp-content\/uploads\/2024\/01\/DeLocos_02-2048x1365.webp 2048w\" sizes=\"(max-width: 800px) 100vw, 800px\" \/>\t\t\t\t\t\t\t\t\t\t\t\t\t\t\t<\/div>\n\t\t\t\t<\/div>\n\t\t\t\t<\/div>\n\t\t\t\t\t<\/div>\n\t\t\t\t<\/div>\n\t\t\t\t<section class=\"elementor-section elementor-top-section elementor-element elementor-element-158b88d elementor-section-height-min-height elementor-section-boxed elementor-section-height-default elementor-section-items-middle elementor-invisible\" data-id=\"158b88d\" data-element_type=\"section\" data-e-type=\"section\" data-settings=\"{&quot;background_background&quot;:&quot;classic&quot;,&quot;animation&quot;:&quot;fadeIn&quot;}\">\n\t\t\t\t\t\t\t<div class=\"elementor-background-overlay\"><\/div>\n\t\t\t\t\t\t\t<div class=\"elementor-container elementor-column-gap-default\">\n\t\t\t\t\t<div class=\"elementor-column elementor-col-100 elementor-top-column elementor-element elementor-element-eb89735\" data-id=\"eb89735\" data-element_type=\"column\" data-e-type=\"column\">\n\t\t\t<div class=\"elementor-widget-wrap\">\n\t\t\t\t\t\t\t<\/div>\n\t\t<\/div>\n\t\t\t\t\t<\/div>\n\t\t<\/section>\n\t\t\t\t<\/div>","protected":false},"excerpt":{"rendered":"<p>Descubre nuestra sala de eventos \u00bfQuieres disfrutar de DeLocos en una sala privada? Alquila nuestra salsa de eventos En DeLocos contamos con una gran sala privada en la que celebrar tus cumplea\u00f1os y cualquier otro evento que se te ocurra. Si quieres disfrutar de unas hamburguesas de locura en un ambiente tranquilo con los tuyos, [&hellip;]<\/p>\n","protected":false},"author":1,"featured_media":0,"parent":0,"menu_order":0,"comment_status":"closed","ping_status":"closed","template":"","meta":{"footnotes":""},"class_list":["post-485","page","type-page","status-publish","hentry"],"yoast_head":"<!-- This site is optimized with the Yoast SEO plugin v27.4 - https:\/\/yoast.com\/product\/yoast-seo-wordpress\/ -->\n<title>Sala de eventos - Delocos<\/title>\n<meta name=\"description\" content=\"\u00bfTe gustar\u00eda alquilar una sala de eventos? Si buscas donde celebrar un evento, en DeLocos te lo ponemos f\u00e1cil con nuestra sala privada.\" \/>\n<meta name=\"robots\" content=\"index, follow, max-snippet:-1, max-image-preview:large, max-video-preview:-1\" \/>\n<link rel=\"canonical\" href=\"https:\/\/delocosrestaurant.com\/ca\/sala-de-eventos\/\" \/>\n<meta property=\"og:locale\" content=\"ca_ES\" \/>\n<meta property=\"og:type\" content=\"article\" \/>\n<meta property=\"og:title\" content=\"Sala de eventos - Delocos\" \/>\n<meta property=\"og:description\" content=\"\u00bfTe gustar\u00eda alquilar una sala de eventos? Si buscas donde celebrar un evento, en DeLocos te lo ponemos f\u00e1cil con nuestra sala privada.\" \/>\n<meta property=\"og:url\" content=\"https:\/\/delocosrestaurant.com\/ca\/sala-de-eventos\/\" \/>\n<meta property=\"og:site_name\" content=\"Delocos\" \/>\n<meta property=\"article:modified_time\" content=\"2024-02-04T13:52:22+00:00\" \/>\n<meta property=\"og:image\" content=\"https:\/\/delocosrestaurant.com\/wp-content\/uploads\/2024\/01\/DeLocos_02-1024x683.webp\" \/>\n<meta name=\"twitter:card\" content=\"summary_large_image\" \/>\n<meta name=\"twitter:label1\" content=\"Temps estimat de lectura\" \/>\n\t<meta name=\"twitter:data1\" content=\"1 minut\" \/>\n<script type=\"application\/ld+json\" class=\"yoast-schema-graph\">{\"@context\":\"https:\\\/\\\/schema.org\",\"@graph\":[{\"@type\":\"WebPage\",\"@id\":\"https:\\\/\\\/delocosrestaurant.com\\\/sala-de-eventos\",\"url\":\"https:\\\/\\\/delocosrestaurant.com\\\/sala-de-eventos\",\"name\":\"Sala de eventos - Delocos\",\"isPartOf\":{\"@id\":\"https:\\\/\\\/delocosrestaurant.com\\\/#website\"},\"primaryImageOfPage\":{\"@id\":\"https:\\\/\\\/delocosrestaurant.com\\\/sala-de-eventos#primaryimage\"},\"image\":{\"@id\":\"https:\\\/\\\/delocosrestaurant.com\\\/sala-de-eventos#primaryimage\"},\"thumbnailUrl\":\"https:\\\/\\\/delocosrestaurant.com\\\/wp-content\\\/uploads\\\/2024\\\/01\\\/DeLocos_02-1024x683.webp\",\"datePublished\":\"2024-02-03T22:20:35+00:00\",\"dateModified\":\"2024-02-04T13:52:22+00:00\",\"description\":\"\u00bfTe gustar\u00eda alquilar una sala de eventos? Si buscas donde celebrar un evento, en DeLocos te lo ponemos f\u00e1cil con nuestra sala privada.\",\"breadcrumb\":{\"@id\":\"https:\\\/\\\/delocosrestaurant.com\\\/sala-de-eventos#breadcrumb\"},\"inLanguage\":\"ca\",\"potentialAction\":[{\"@type\":\"ReadAction\",\"target\":[\"https:\\\/\\\/delocosrestaurant.com\\\/sala-de-eventos\"]}]},{\"@type\":\"ImageObject\",\"inLanguage\":\"ca\",\"@id\":\"https:\\\/\\\/delocosrestaurant.com\\\/sala-de-eventos#primaryimage\",\"url\":\"https:\\\/\\\/delocosrestaurant.com\\\/wp-content\\\/uploads\\\/2024\\\/01\\\/DeLocos_02-1024x683.webp\",\"contentUrl\":\"https:\\\/\\\/delocosrestaurant.com\\\/wp-content\\\/uploads\\\/2024\\\/01\\\/DeLocos_02-1024x683.webp\"},{\"@type\":\"BreadcrumbList\",\"@id\":\"https:\\\/\\\/delocosrestaurant.com\\\/sala-de-eventos#breadcrumb\",\"itemListElement\":[{\"@type\":\"ListItem\",\"position\":1,\"name\":\"Portada\",\"item\":\"https:\\\/\\\/delocosrestaurant.com\\\/\"},{\"@type\":\"ListItem\",\"position\":2,\"name\":\"Sala de eventos\"}]},{\"@type\":\"WebSite\",\"@id\":\"https:\\\/\\\/delocosrestaurant.com\\\/#website\",\"url\":\"https:\\\/\\\/delocosrestaurant.com\\\/\",\"name\":\"Delocos\",\"description\":\"\",\"publisher\":{\"@id\":\"https:\\\/\\\/delocosrestaurant.com\\\/#organization\"},\"potentialAction\":[{\"@type\":\"SearchAction\",\"target\":{\"@type\":\"EntryPoint\",\"urlTemplate\":\"https:\\\/\\\/delocosrestaurant.com\\\/?s={search_term_string}\"},\"query-input\":{\"@type\":\"PropertyValueSpecification\",\"valueRequired\":true,\"valueName\":\"search_term_string\"}}],\"inLanguage\":\"ca\"},{\"@type\":\"Organization\",\"@id\":\"https:\\\/\\\/delocosrestaurant.com\\\/#organization\",\"name\":\"Delocos\",\"url\":\"https:\\\/\\\/delocosrestaurant.com\\\/\",\"logo\":{\"@type\":\"ImageObject\",\"inLanguage\":\"ca\",\"@id\":\"https:\\\/\\\/delocosrestaurant.com\\\/#\\\/schema\\\/logo\\\/image\\\/\",\"url\":\"https:\\\/\\\/delocosrestaurant.com\\\/wp-content\\\/uploads\\\/2023\\\/12\\\/Mesa-de-trabajo-1_1-_1_-1.webp\",\"contentUrl\":\"https:\\\/\\\/delocosrestaurant.com\\\/wp-content\\\/uploads\\\/2023\\\/12\\\/Mesa-de-trabajo-1_1-_1_-1.webp\",\"width\":1908,\"height\":422,\"caption\":\"Delocos\"},\"image\":{\"@id\":\"https:\\\/\\\/delocosrestaurant.com\\\/#\\\/schema\\\/logo\\\/image\\\/\"}}]}<\/script>\n<!-- \/ Yoast SEO plugin. -->","yoast_head_json":{"title":"Sala de eventos - Delocos","description":"\u00bfTe gustar\u00eda alquilar una sala de eventos? Si buscas donde celebrar un evento, en DeLocos te lo ponemos f\u00e1cil con nuestra sala privada.","robots":{"index":"index","follow":"follow","max-snippet":"max-snippet:-1","max-image-preview":"max-image-preview:large","max-video-preview":"max-video-preview:-1"},"canonical":"https:\/\/delocosrestaurant.com\/ca\/sala-de-eventos\/","og_locale":"ca_ES","og_type":"article","og_title":"Sala de eventos - Delocos","og_description":"\u00bfTe gustar\u00eda alquilar una sala de eventos? Si buscas donde celebrar un evento, en DeLocos te lo ponemos f\u00e1cil con nuestra sala privada.","og_url":"https:\/\/delocosrestaurant.com\/ca\/sala-de-eventos\/","og_site_name":"Delocos","article_modified_time":"2024-02-04T13:52:22+00:00","og_image":[{"url":"https:\/\/delocosrestaurant.com\/wp-content\/uploads\/2024\/01\/DeLocos_02-1024x683.webp","type":"","width":"","height":""}],"twitter_card":"summary_large_image","twitter_misc":{"Temps estimat de lectura":"1 minut"},"schema":{"@context":"https:\/\/schema.org","@graph":[{"@type":"WebPage","@id":"https:\/\/delocosrestaurant.com\/sala-de-eventos","url":"https:\/\/delocosrestaurant.com\/sala-de-eventos","name":"Sala de eventos - Delocos","isPartOf":{"@id":"https:\/\/delocosrestaurant.com\/#website"},"primaryImageOfPage":{"@id":"https:\/\/delocosrestaurant.com\/sala-de-eventos#primaryimage"},"image":{"@id":"https:\/\/delocosrestaurant.com\/sala-de-eventos#primaryimage"},"thumbnailUrl":"https:\/\/delocosrestaurant.com\/wp-content\/uploads\/2024\/01\/DeLocos_02-1024x683.webp","datePublished":"2024-02-03T22:20:35+00:00","dateModified":"2024-02-04T13:52:22+00:00","description":"\u00bfTe gustar\u00eda alquilar una sala de eventos? Si buscas donde celebrar un evento, en DeLocos te lo ponemos f\u00e1cil con nuestra sala privada.","breadcrumb":{"@id":"https:\/\/delocosrestaurant.com\/sala-de-eventos#breadcrumb"},"inLanguage":"ca","potentialAction":[{"@type":"ReadAction","target":["https:\/\/delocosrestaurant.com\/sala-de-eventos"]}]},{"@type":"ImageObject","inLanguage":"ca","@id":"https:\/\/delocosrestaurant.com\/sala-de-eventos#primaryimage","url":"https:\/\/delocosrestaurant.com\/wp-content\/uploads\/2024\/01\/DeLocos_02-1024x683.webp","contentUrl":"https:\/\/delocosrestaurant.com\/wp-content\/uploads\/2024\/01\/DeLocos_02-1024x683.webp"},{"@type":"BreadcrumbList","@id":"https:\/\/delocosrestaurant.com\/sala-de-eventos#breadcrumb","itemListElement":[{"@type":"ListItem","position":1,"name":"Portada","item":"https:\/\/delocosrestaurant.com\/"},{"@type":"ListItem","position":2,"name":"Sala de eventos"}]},{"@type":"WebSite","@id":"https:\/\/delocosrestaurant.com\/#website","url":"https:\/\/delocosrestaurant.com\/","name":"Delocos","description":"","publisher":{"@id":"https:\/\/delocosrestaurant.com\/#organization"},"potentialAction":[{"@type":"SearchAction","target":{"@type":"EntryPoint","urlTemplate":"https:\/\/delocosrestaurant.com\/?s={search_term_string}"},"query-input":{"@type":"PropertyValueSpecification","valueRequired":true,"valueName":"search_term_string"}}],"inLanguage":"ca"},{"@type":"Organization","@id":"https:\/\/delocosrestaurant.com\/#organization","name":"Delocos","url":"https:\/\/delocosrestaurant.com\/","logo":{"@type":"ImageObject","inLanguage":"ca","@id":"https:\/\/delocosrestaurant.com\/#\/schema\/logo\/image\/","url":"https:\/\/delocosrestaurant.com\/wp-content\/uploads\/2023\/12\/Mesa-de-trabajo-1_1-_1_-1.webp","contentUrl":"https:\/\/delocosrestaurant.com\/wp-content\/uploads\/2023\/12\/Mesa-de-trabajo-1_1-_1_-1.webp","width":1908,"height":422,"caption":"Delocos"},"image":{"@id":"https:\/\/delocosrestaurant.com\/#\/schema\/logo\/image\/"}}]}},"_links":{"self":[{"href":"https:\/\/delocosrestaurant.com\/ca\/wp-json\/wp\/v2\/pages\/485","targetHints":{"allow":["GET"]}}],"collection":[{"href":"https:\/\/delocosrestaurant.com\/ca\/wp-json\/wp\/v2\/pages"}],"about":[{"href":"https:\/\/delocosrestaurant.com\/ca\/wp-json\/wp\/v2\/types\/page"}],"author":[{"embeddable":true,"href":"https:\/\/delocosrestaurant.com\/ca\/wp-json\/wp\/v2\/users\/1"}],"replies":[{"embeddable":true,"href":"https:\/\/delocosrestaurant.com\/ca\/wp-json\/wp\/v2\/comments?post=485"}],"version-history":[{"count":22,"href":"https:\/\/delocosrestaurant.com\/ca\/wp-json\/wp\/v2\/pages\/485\/revisions"}],"predecessor-version":[{"id":655,"href":"https:\/\/delocosrestaurant.com\/ca\/wp-json\/wp\/v2\/pages\/485\/revisions\/655"}],"wp:attachment":[{"href":"https:\/\/delocosrestaurant.com\/ca\/wp-json\/wp\/v2\/media?parent=485"}],"curies":[{"name":"wp","href":"https:\/\/api.w.org\/{rel}","templated":true}]}}