{"id":385,"date":"2024-02-02T21:16:28","date_gmt":"2024-02-02T21:16:28","guid":{"rendered":"https:\/\/delocosrestaurant.com\/?page_id=385"},"modified":"2026-01-12T21:19:18","modified_gmt":"2026-01-12T21:19:18","slug":"contactos-y-reservas","status":"publish","type":"page","link":"https:\/\/delocosrestaurant.com\/ca\/tarrega\/contactos-y-reservas","title":{"rendered":"Contacte"},"content":{"rendered":"<div data-elementor-type=\"wp-page\" data-elementor-id=\"385\" class=\"elementor elementor-385\" data-elementor-post-type=\"page\">\n\t\t\t\t\t\t<section class=\"elementor-section elementor-top-section elementor-element elementor-element-48fbc3b9 elementor-section-height-min-height elementor-section-boxed elementor-section-height-default elementor-section-items-middle elementor-invisible\" data-id=\"48fbc3b9\" data-element_type=\"section\" data-e-type=\"section\" data-settings=\"{&quot;background_background&quot;:&quot;classic&quot;,&quot;animation&quot;:&quot;fadeIn&quot;}\">\n\t\t\t\t\t\t\t<div class=\"elementor-background-overlay\"><\/div>\n\t\t\t\t\t\t\t<div class=\"elementor-container elementor-column-gap-default\">\n\t\t\t\t\t<div class=\"elementor-column elementor-col-100 elementor-top-column elementor-element elementor-element-271b172\" data-id=\"271b172\" data-element_type=\"column\" data-e-type=\"column\">\n\t\t\t<div class=\"elementor-widget-wrap elementor-element-populated\">\n\t\t\t\t\t\t<div class=\"elementor-element elementor-element-772d92bc elementor-invisible elementor-widget elementor-widget-heading\" data-id=\"772d92bc\" data-element_type=\"widget\" data-e-type=\"widget\" data-settings=\"{&quot;_animation&quot;:&quot;fadeIn&quot;}\" data-widget_type=\"heading.default\">\n\t\t\t\t<div class=\"elementor-widget-container\">\n\t\t\t\t\t<h1 class=\"elementor-heading-title elementor-size-default\">Contacta'ns i fes la teva <span style=\"color:#B70000\"> <b>reserva T\u00e0rrega<\/b><\/h1>\t\t\t\t<\/div>\n\t\t\t\t<\/div>\n\t\t\t\t\t<\/div>\n\t\t<\/div>\n\t\t\t\t\t<\/div>\n\t\t<\/section>\n\t\t<div class=\"elementor-element elementor-element-ce7c3fc e-flex e-con-boxed e-con e-parent\" data-id=\"ce7c3fc\" data-element_type=\"container\" data-e-type=\"container\" id=\"contacto\">\n\t\t\t\t\t<div class=\"e-con-inner\">\n\t\t\t\t<div class=\"elementor-element elementor-element-8a468f3 elementor-widget elementor-widget-spacer\" data-id=\"8a468f3\" data-element_type=\"widget\" data-e-type=\"widget\" data-widget_type=\"spacer.default\">\n\t\t\t\t<div class=\"elementor-widget-container\">\n\t\t\t\t\t\t\t<div class=\"elementor-spacer\">\n\t\t\t<div class=\"elementor-spacer-inner\"><\/div>\n\t\t<\/div>\n\t\t\t\t\t\t<\/div>\n\t\t\t\t<\/div>\n\t\t\t\t\t<\/div>\n\t\t\t\t<\/div>\n\t\t\t\t<section class=\"elementor-section elementor-top-section elementor-element elementor-element-3ffcb44c elementor-section-stretched elementor-section-boxed elementor-section-height-default elementor-section-height-default\" data-id=\"3ffcb44c\" data-element_type=\"section\" data-e-type=\"section\" data-settings=\"{&quot;stretch_section&quot;:&quot;section-stretched&quot;}\">\n\t\t\t\t\t\t<div class=\"elementor-container elementor-column-gap-default\">\n\t\t\t\t\t<div class=\"elementor-column elementor-col-50 elementor-top-column elementor-element elementor-element-77db23d3\" data-id=\"77db23d3\" data-element_type=\"column\" data-e-type=\"column\">\n\t\t\t<div class=\"elementor-widget-wrap elementor-element-populated\">\n\t\t\t\t\t\t<div class=\"elementor-element elementor-element-7bab461 elementor-invisible elementor-widget elementor-widget-heading\" data-id=\"7bab461\" data-element_type=\"widget\" data-e-type=\"widget\" data-settings=\"{&quot;_animation&quot;:&quot;fadeIn&quot;}\" data-widget_type=\"heading.default\">\n\t\t\t\t<div class=\"elementor-widget-container\">\n\t\t\t\t\t<h3 class=\"elementor-heading-title elementor-size-default\">On som<\/h3>\t\t\t\t<\/div>\n\t\t\t\t<\/div>\n\t\t\t\t<div class=\"elementor-element elementor-element-c70f8ed elementor-widget elementor-widget-google_maps\" data-id=\"c70f8ed\" data-element_type=\"widget\" data-e-type=\"widget\" data-widget_type=\"google_maps.default\">\n\t\t\t\t<div class=\"elementor-widget-container\">\n\t\t\t\t\t\t\t<div class=\"elementor-custom-embed\">\n\t\t\t<iframe loading=\"lazy\"\n\t\t\t\t\tsrc=\"https:\/\/maps.google.com\/maps?q=avinguda%20catalunya%2041%20t%C3%A0rrega&#038;t=m&#038;z=15&#038;output=embed&#038;iwloc=near\"\n\t\t\t\t\ttitle=\"avinguda catalunya 41 t\u00e0rrega\"\n\t\t\t\t\taria-label=\"avinguda catalunya 41 t\u00e0rrega\"\n\t\t\t><\/iframe>\n\t\t<\/div>\n\t\t\t\t\t\t<\/div>\n\t\t\t\t<\/div>\n\t\t\t\t\t<\/div>\n\t\t<\/div>\n\t\t\t\t<div class=\"elementor-column elementor-col-50 elementor-top-column elementor-element elementor-element-417a5dbf elementor-invisible\" data-id=\"417a5dbf\" data-element_type=\"column\" data-e-type=\"column\" data-settings=\"{&quot;animation&quot;:&quot;fadeIn&quot;,&quot;background_background&quot;:&quot;classic&quot;}\">\n\t\t\t<div class=\"elementor-widget-wrap elementor-element-populated\">\n\t\t\t\t\t\t<div class=\"elementor-element elementor-element-6681e2b4 elementor-invisible elementor-widget elementor-widget-heading\" data-id=\"6681e2b4\" data-element_type=\"widget\" data-e-type=\"widget\" data-settings=\"{&quot;_animation&quot;:&quot;fadeIn&quot;}\" data-widget_type=\"heading.default\">\n\t\t\t\t<div class=\"elementor-widget-container\">\n\t\t\t\t\t<h3 class=\"elementor-heading-title elementor-size-default\">Dades de contacte<\/h3>\t\t\t\t<\/div>\n\t\t\t\t<\/div>\n\t\t\t\t<div class=\"elementor-element elementor-element-6b23ede elementor-widget elementor-widget-text-editor\" data-id=\"6b23ede\" data-element_type=\"widget\" data-e-type=\"widget\" data-widget_type=\"text-editor.default\">\n\t\t\t\t<div class=\"elementor-widget-container\">\n\t\t\t\t\t\t\t\t\t<p>Vols reservar la nostra sala d\u00b4esdeveniments? Tens cap dubte sobre la nostra carta? No dubtis a trucar-nos i ho resoldrem.<\/p><p>No oblidis que si vols fer una reserva per viure l'experi\u00e8ncia DeLocos, pots fer-la r\u00e0pidament i de forma directa a trav\u00e9s del nostre sistema en l\u00ednia A qu\u00e8 esperes!<\/p>\t\t\t\t\t\t\t\t<\/div>\n\t\t\t\t<\/div>\n\t\t\t\t<div class=\"elementor-element elementor-element-dd02b3a elementor-align-start elementor-mobile-align-center elementor-icon-list--layout-traditional elementor-list-item-link-full_width elementor-widget elementor-widget-icon-list\" data-id=\"dd02b3a\" data-element_type=\"widget\" data-e-type=\"widget\" data-widget_type=\"icon-list.default\">\n\t\t\t\t<div class=\"elementor-widget-container\">\n\t\t\t\t\t\t\t<ul class=\"elementor-icon-list-items\">\n\t\t\t\t\t\t\t<li class=\"elementor-icon-list-item\">\n\t\t\t\t\t\t\t\t\t\t\t<span class=\"elementor-icon-list-icon\">\n\t\t\t\t\t\t\t<svg aria-hidden=\"true\" class=\"e-font-icon-svg e-fas-phone-alt\" viewbox=\"0 0 512 512\" xmlns=\"http:\/\/www.w3.org\/2000\/svg\"><path d=\"M497.39 361.8l-112-48a24 24 0 0 0-28 6.9l-49.6 60.6A370.66 370.66 0 0 1 130.6 204.11l60.6-49.6a23.94 23.94 0 0 0 6.9-28l-48-112A24.16 24.16 0 0 0 122.6.61l-104 24A24 24 0 0 0 0 48c0 256.5 207.9 464 464 464a24 24 0 0 0 23.4-18.6l24-104a24.29 24.29 0 0 0-14.01-27.6z\"><\/path><\/svg>\t\t\t\t\t\t<\/span>\n\t\t\t\t\t\t\t\t\t\t<span class=\"elementor-icon-list-text\">613 93 85 81<\/span>\n\t\t\t\t\t\t\t\t\t<\/li>\n\t\t\t\t\t\t\t\t<li class=\"elementor-icon-list-item\">\n\t\t\t\t\t\t\t\t\t\t\t<span class=\"elementor-icon-list-icon\">\n\t\t\t\t\t\t\t<svg aria-hidden=\"true\" class=\"e-font-icon-svg e-fas-mail-bulk\" viewbox=\"0 0 576 512\" xmlns=\"http:\/\/www.w3.org\/2000\/svg\"><path d=\"M160 448c-25.6 0-51.2-22.4-64-32-64-44.8-83.2-60.8-96-70.4V480c0 17.67 14.33 32 32 32h256c17.67 0 32-14.33 32-32V345.6c-12.8 9.6-32 25.6-96 70.4-12.8 9.6-38.4 32-64 32zm128-192H32c-17.67 0-32 14.33-32 32v16c25.6 19.2 22.4 19.2 115.2 86.4 9.6 6.4 28.8 25.6 44.8 25.6s35.2-19.2 44.8-22.4c92.8-67.2 89.6-67.2 115.2-86.4V288c0-17.67-14.33-32-32-32zm256-96H224c-17.67 0-32 14.33-32 32v32h96c33.21 0 60.59 25.42 63.71 57.82l.29-.22V416h192c17.67 0 32-14.33 32-32V192c0-17.67-14.33-32-32-32zm-32 128h-64v-64h64v64zm-352-96c0-35.29 28.71-64 64-64h224V32c0-17.67-14.33-32-32-32H96C78.33 0 64 14.33 64 32v192h96v-32z\"><\/path><\/svg>\t\t\t\t\t\t<\/span>\n\t\t\t\t\t\t\t\t\t\t<span class=\"elementor-icon-list-text\">delocosrestaurant@gmail.com<\/span>\n\t\t\t\t\t\t\t\t\t<\/li>\n\t\t\t\t\t\t<\/ul>\n\t\t\t\t\t\t<\/div>\n\t\t\t\t<\/div>\n\t\t\t\t<div class=\"elementor-element elementor-element-3f0b18a elementor-widget elementor-widget-spacer\" data-id=\"3f0b18a\" data-element_type=\"widget\" data-e-type=\"widget\" data-widget_type=\"spacer.default\">\n\t\t\t\t<div class=\"elementor-widget-container\">\n\t\t\t\t\t\t\t<div class=\"elementor-spacer\">\n\t\t\t<div class=\"elementor-spacer-inner\"><\/div>\n\t\t<\/div>\n\t\t\t\t\t\t<\/div>\n\t\t\t\t<\/div>\n\t\t\t\t<div class=\"elementor-element elementor-element-1e206d55 elementor-invisible elementor-widget elementor-widget-heading\" data-id=\"1e206d55\" data-element_type=\"widget\" data-e-type=\"widget\" data-settings=\"{&quot;_animation&quot;:&quot;fadeIn&quot;}\" data-widget_type=\"heading.default\">\n\t\t\t\t<div class=\"elementor-widget-container\">\n\t\t\t\t\t<h4 class=\"elementor-heading-title elementor-size-default\">El nostre horari<\/h4>\t\t\t\t<\/div>\n\t\t\t\t<\/div>\n\t\t\t\t<div class=\"elementor-element elementor-element-34ad6971 elementor-icon-list--layout-inline elementor-tablet-align-center elementor-align-start elementor-list-item-link-full_width elementor-widget elementor-widget-icon-list\" data-id=\"34ad6971\" data-element_type=\"widget\" data-e-type=\"widget\" data-widget_type=\"icon-list.default\">\n\t\t\t\t<div class=\"elementor-widget-container\">\n\t\t\t\t\t\t\t<ul class=\"elementor-icon-list-items elementor-inline-items\">\n\t\t\t\t\t\t\t<li class=\"elementor-icon-list-item elementor-inline-item\">\n\t\t\t\t\t\t\t\t\t\t<span class=\"elementor-icon-list-text\">Dilluns, dimecres i dijous <\/span>\n\t\t\t\t\t\t\t\t\t<\/li>\n\t\t\t\t\t\t<\/ul>\n\t\t\t\t\t\t<\/div>\n\t\t\t\t<\/div>\n\t\t\t\t<div class=\"elementor-element elementor-element-877f39c elementor-icon-list--layout-inline elementor-tablet-align-center elementor-align-start elementor-list-item-link-full_width elementor-widget elementor-widget-icon-list\" data-id=\"877f39c\" data-element_type=\"widget\" data-e-type=\"widget\" data-widget_type=\"icon-list.default\">\n\t\t\t\t<div class=\"elementor-widget-container\">\n\t\t\t\t\t\t\t<ul class=\"elementor-icon-list-items elementor-inline-items\">\n\t\t\t\t\t\t\t<li class=\"elementor-icon-list-item elementor-inline-item\">\n\t\t\t\t\t\t\t\t\t\t<span class=\"elementor-icon-list-text\">19:00 - 23:30<\/span>\n\t\t\t\t\t\t\t\t\t<\/li>\n\t\t\t\t\t\t<\/ul>\n\t\t\t\t\t\t<\/div>\n\t\t\t\t<\/div>\n\t\t\t\t<div class=\"elementor-element elementor-element-93a5912 elementor-icon-list--layout-inline elementor-tablet-align-center elementor-align-start elementor-list-item-link-full_width elementor-widget elementor-widget-icon-list\" data-id=\"93a5912\" data-element_type=\"widget\" data-e-type=\"widget\" data-widget_type=\"icon-list.default\">\n\t\t\t\t<div class=\"elementor-widget-container\">\n\t\t\t\t\t\t\t<ul class=\"elementor-icon-list-items elementor-inline-items\">\n\t\t\t\t\t\t\t<li class=\"elementor-icon-list-item elementor-inline-item\">\n\t\t\t\t\t\t\t\t\t\t<span class=\"elementor-icon-list-text\">Divendres a diumenge<\/span>\n\t\t\t\t\t\t\t\t\t<\/li>\n\t\t\t\t\t\t<\/ul>\n\t\t\t\t\t\t<\/div>\n\t\t\t\t<\/div>\n\t\t\t\t<div class=\"elementor-element elementor-element-401ed391 elementor-icon-list--layout-inline elementor-tablet-align-center elementor-align-start elementor-list-item-link-full_width elementor-widget elementor-widget-icon-list\" data-id=\"401ed391\" data-element_type=\"widget\" data-e-type=\"widget\" data-widget_type=\"icon-list.default\">\n\t\t\t\t<div class=\"elementor-widget-container\">\n\t\t\t\t\t\t\t<ul class=\"elementor-icon-list-items elementor-inline-items\">\n\t\t\t\t\t\t\t<li class=\"elementor-icon-list-item elementor-inline-item\">\n\t\t\t\t\t\t\t\t\t\t<span class=\"elementor-icon-list-text\">13:00 - 15:30<\/span>\n\t\t\t\t\t\t\t\t\t<\/li>\n\t\t\t\t\t\t\t\t<li class=\"elementor-icon-list-item elementor-inline-item\">\n\t\t\t\t\t\t\t\t\t\t<span class=\"elementor-icon-list-text\">19:00 - 23:30<\/span>\n\t\t\t\t\t\t\t\t\t<\/li>\n\t\t\t\t\t\t<\/ul>\n\t\t\t\t\t\t<\/div>\n\t\t\t\t<\/div>\n\t\t\t\t\t<\/div>\n\t\t<\/div>\n\t\t\t\t\t<\/div>\n\t\t<\/section>\n\t\t<div class=\"elementor-element elementor-element-ae52f0b e-flex e-con-boxed e-con e-parent\" data-id=\"ae52f0b\" data-element_type=\"container\" data-e-type=\"container\" id=\"reservas\">\n\t\t\t\t\t<div class=\"e-con-inner\">\n\t\t\t\t<div class=\"elementor-element elementor-element-d547869 elementor-widget elementor-widget-spacer\" data-id=\"d547869\" data-element_type=\"widget\" data-e-type=\"widget\" data-widget_type=\"spacer.default\">\n\t\t\t\t<div class=\"elementor-widget-container\">\n\t\t\t\t\t\t\t<div class=\"elementor-spacer\">\n\t\t\t<div class=\"elementor-spacer-inner\"><\/div>\n\t\t<\/div>\n\t\t\t\t\t\t<\/div>\n\t\t\t\t<\/div>\n\t\t\t\t<div class=\"elementor-element elementor-element-bac3699 elementor-widget__width-initial e-transform elementor-invisible elementor-widget elementor-widget-heading\" data-id=\"bac3699\" data-element_type=\"widget\" data-e-type=\"widget\" data-settings=\"{&quot;_animation&quot;:&quot;fadeIn&quot;,&quot;_transform_skewX_effect_hover&quot;:{&quot;unit&quot;:&quot;px&quot;,&quot;size&quot;:&quot;&quot;,&quot;sizes&quot;:[]},&quot;_transform_skewX_effect_hover_tablet&quot;:{&quot;unit&quot;:&quot;deg&quot;,&quot;size&quot;:&quot;&quot;,&quot;sizes&quot;:[]},&quot;_transform_skewX_effect_hover_mobile&quot;:{&quot;unit&quot;:&quot;deg&quot;,&quot;size&quot;:&quot;&quot;,&quot;sizes&quot;:[]},&quot;_transform_skewY_effect_hover&quot;:{&quot;unit&quot;:&quot;px&quot;,&quot;size&quot;:&quot;&quot;,&quot;sizes&quot;:[]},&quot;_transform_skewY_effect_hover_tablet&quot;:{&quot;unit&quot;:&quot;deg&quot;,&quot;size&quot;:&quot;&quot;,&quot;sizes&quot;:[]},&quot;_transform_skewY_effect_hover_mobile&quot;:{&quot;unit&quot;:&quot;deg&quot;,&quot;size&quot;:&quot;&quot;,&quot;sizes&quot;:[]}}\" data-widget_type=\"heading.default\">\n\t\t\t\t<div class=\"elementor-widget-container\">\n\t\t\t\t\t<h2 class=\"elementor-heading-title elementor-size-default\">Fes la teva reserva a T\u00e0rrega<\/h2>\t\t\t\t<\/div>\n\t\t\t\t<\/div>\n\t\t\t\t<div class=\"elementor-element elementor-element-0547cf7 elementor-widget__width-initial elementor-widget elementor-widget-html\" data-id=\"0547cf7\" data-element_type=\"widget\" data-e-type=\"widget\" id=\"reserva\" data-widget_type=\"html.default\">\n\t\t\t\t<div class=\"elementor-widget-container\">\n\t\t\t\t\t<script type=\"text\/javascript\"\r\n                                                                                        src=\"https:\/\/www.covermanager.com\/js\/iframeResizer.min.js\"><\/script><iframe\r\n                                                            id=\"restaurante-doslocos\" title=\"Reservas\"\r\n                                                            src=\"https:\/\/www.covermanager.com\/reserve\/module_restaurant\/restaurante-doslocos\/spanish\"\r\n                                                            frameborder=\"0\" height=\"550\" width=\"100%\" onload=\"iFrameResize();\"><\/iframe>\r\n                                                            \t\t\t\t<\/div>\n\t\t\t\t<\/div>\n\t\t\t\t\t<\/div>\n\t\t\t\t<\/div>\n\t\t\t\t<section class=\"elementor-section elementor-top-section elementor-element elementor-element-4f6c175a elementor-section-full_width elementor-section-height-default elementor-section-height-default\" data-id=\"4f6c175a\" data-element_type=\"section\" data-e-type=\"section\">\n\t\t\t\t\t\t<div class=\"elementor-container elementor-column-gap-default\">\n\t\t\t\t\t<div class=\"elementor-column elementor-col-100 elementor-top-column elementor-element elementor-element-82dbde8\" data-id=\"82dbde8\" data-element_type=\"column\" data-e-type=\"column\">\n\t\t\t<div class=\"elementor-widget-wrap elementor-element-populated\">\n\t\t\t\t\t\t<div class=\"elementor-element elementor-element-212e264 elementor-widget elementor-widget-spacer\" data-id=\"212e264\" data-element_type=\"widget\" data-e-type=\"widget\" data-widget_type=\"spacer.default\">\n\t\t\t\t<div class=\"elementor-widget-container\">\n\t\t\t\t\t\t\t<div class=\"elementor-spacer\">\n\t\t\t<div class=\"elementor-spacer-inner\"><\/div>\n\t\t<\/div>\n\t\t\t\t\t\t<\/div>\n\t\t\t\t<\/div>\n\t\t\t\t\t<\/div>\n\t\t<\/div>\n\t\t\t\t\t<\/div>\n\t\t<\/section>\n\t\t\t\t<\/div>","protected":false},"excerpt":{"rendered":"<p>Cont\u00e1ctanos y haz tu reserva T\u00e0rrega Donde estamos Datos de contacto \u00bfQuieres reservar nuestra sala de eventos? \u00bfTienes alguna duda sobre nuestra carta? No dudes en llamarnos y lo resolveremos. No olvides que si quieres hacer una reserva para vivir la experiencia DeLocos, puedes hacerla r\u00e1pidamente y de forma directa a trav\u00e9s de nuestro sistema [&hellip;]<\/p>\n","protected":false},"author":1,"featured_media":0,"parent":11,"menu_order":0,"comment_status":"closed","ping_status":"closed","template":"","meta":{"footnotes":""},"class_list":["post-385","page","type-page","status-publish","hentry"],"yoast_head":"<!-- This site is optimized with the Yoast SEO plugin v27.4 - https:\/\/yoast.com\/product\/yoast-seo-wordpress\/ -->\n<title>Cont\u00e1ctanos o haz tu reserva - Delocos<\/title>\n<meta name=\"description\" content=\"\u00bfTe gustar\u00eda reservar una mesa en DeLocos? \u00bfQuieres saber m\u00e1s de nuestra sala privada? Todo lo que necesitas est\u00e1 en esta p\u00e1gina\" \/>\n<meta name=\"robots\" content=\"index, follow, max-snippet:-1, max-image-preview:large, max-video-preview:-1\" \/>\n<link rel=\"canonical\" href=\"https:\/\/delocosrestaurant.com\/ca\/tarrega\/contactos-y-reservas\/\" \/>\n<meta property=\"og:locale\" content=\"ca_ES\" \/>\n<meta property=\"og:type\" content=\"article\" \/>\n<meta property=\"og:title\" content=\"Cont\u00e1ctanos o haz tu reserva - Delocos\" \/>\n<meta property=\"og:description\" content=\"\u00bfTe gustar\u00eda reservar una mesa en DeLocos? \u00bfQuieres saber m\u00e1s de nuestra sala privada? Todo lo que necesitas est\u00e1 en esta p\u00e1gina\" \/>\n<meta property=\"og:url\" content=\"https:\/\/delocosrestaurant.com\/ca\/tarrega\/contactos-y-reservas\/\" \/>\n<meta property=\"og:site_name\" content=\"Delocos\" \/>\n<meta property=\"article:modified_time\" content=\"2026-01-12T21:19:18+00:00\" \/>\n<meta name=\"twitter:card\" content=\"summary_large_image\" \/>\n<meta name=\"twitter:label1\" content=\"Temps estimat de lectura\" \/>\n\t<meta name=\"twitter:data1\" content=\"1 minut\" \/>\n<script type=\"application\/ld+json\" class=\"yoast-schema-graph\">{\"@context\":\"https:\\\/\\\/schema.org\",\"@graph\":[{\"@type\":\"WebPage\",\"@id\":\"https:\\\/\\\/delocosrestaurant.com\\\/tarrega\\\/contactos-y-reservas\",\"url\":\"https:\\\/\\\/delocosrestaurant.com\\\/tarrega\\\/contactos-y-reservas\",\"name\":\"Cont\u00e1ctanos o haz tu reserva - Delocos\",\"isPartOf\":{\"@id\":\"https:\\\/\\\/delocosrestaurant.com\\\/#website\"},\"datePublished\":\"2024-02-02T21:16:28+00:00\",\"dateModified\":\"2026-01-12T21:19:18+00:00\",\"description\":\"\u00bfTe gustar\u00eda reservar una mesa en DeLocos? \u00bfQuieres saber m\u00e1s de nuestra sala privada? Todo lo que necesitas est\u00e1 en esta p\u00e1gina\",\"breadcrumb\":{\"@id\":\"https:\\\/\\\/delocosrestaurant.com\\\/tarrega\\\/contactos-y-reservas#breadcrumb\"},\"inLanguage\":\"ca\",\"potentialAction\":[{\"@type\":\"ReadAction\",\"target\":[\"https:\\\/\\\/delocosrestaurant.com\\\/tarrega\\\/contactos-y-reservas\"]}]},{\"@type\":\"BreadcrumbList\",\"@id\":\"https:\\\/\\\/delocosrestaurant.com\\\/tarrega\\\/contactos-y-reservas#breadcrumb\",\"itemListElement\":[{\"@type\":\"ListItem\",\"position\":1,\"name\":\"Portada\",\"item\":\"https:\\\/\\\/delocosrestaurant.com\\\/\"},{\"@type\":\"ListItem\",\"position\":2,\"name\":\"Restaurante en T\u00e0rrega\",\"item\":\"https:\\\/\\\/delocosrestaurant.com\\\/tarrega\"},{\"@type\":\"ListItem\",\"position\":3,\"name\":\"Contacto\"}]},{\"@type\":\"WebSite\",\"@id\":\"https:\\\/\\\/delocosrestaurant.com\\\/#website\",\"url\":\"https:\\\/\\\/delocosrestaurant.com\\\/\",\"name\":\"Delocos\",\"description\":\"\",\"publisher\":{\"@id\":\"https:\\\/\\\/delocosrestaurant.com\\\/#organization\"},\"potentialAction\":[{\"@type\":\"SearchAction\",\"target\":{\"@type\":\"EntryPoint\",\"urlTemplate\":\"https:\\\/\\\/delocosrestaurant.com\\\/?s={search_term_string}\"},\"query-input\":{\"@type\":\"PropertyValueSpecification\",\"valueRequired\":true,\"valueName\":\"search_term_string\"}}],\"inLanguage\":\"ca\"},{\"@type\":\"Organization\",\"@id\":\"https:\\\/\\\/delocosrestaurant.com\\\/#organization\",\"name\":\"Delocos\",\"url\":\"https:\\\/\\\/delocosrestaurant.com\\\/\",\"logo\":{\"@type\":\"ImageObject\",\"inLanguage\":\"ca\",\"@id\":\"https:\\\/\\\/delocosrestaurant.com\\\/#\\\/schema\\\/logo\\\/image\\\/\",\"url\":\"https:\\\/\\\/delocosrestaurant.com\\\/wp-content\\\/uploads\\\/2023\\\/12\\\/Mesa-de-trabajo-1_1-_1_-1.webp\",\"contentUrl\":\"https:\\\/\\\/delocosrestaurant.com\\\/wp-content\\\/uploads\\\/2023\\\/12\\\/Mesa-de-trabajo-1_1-_1_-1.webp\",\"width\":1908,\"height\":422,\"caption\":\"Delocos\"},\"image\":{\"@id\":\"https:\\\/\\\/delocosrestaurant.com\\\/#\\\/schema\\\/logo\\\/image\\\/\"}}]}<\/script>\n<!-- \/ Yoast SEO plugin. -->","yoast_head_json":{"title":"Cont\u00e1ctanos o haz tu reserva - Delocos","description":"\u00bfTe gustar\u00eda reservar una mesa en DeLocos? \u00bfQuieres saber m\u00e1s de nuestra sala privada? Todo lo que necesitas est\u00e1 en esta p\u00e1gina","robots":{"index":"index","follow":"follow","max-snippet":"max-snippet:-1","max-image-preview":"max-image-preview:large","max-video-preview":"max-video-preview:-1"},"canonical":"https:\/\/delocosrestaurant.com\/ca\/tarrega\/contactos-y-reservas\/","og_locale":"ca_ES","og_type":"article","og_title":"Cont\u00e1ctanos o haz tu reserva - Delocos","og_description":"\u00bfTe gustar\u00eda reservar una mesa en DeLocos? \u00bfQuieres saber m\u00e1s de nuestra sala privada? Todo lo que necesitas est\u00e1 en esta p\u00e1gina","og_url":"https:\/\/delocosrestaurant.com\/ca\/tarrega\/contactos-y-reservas\/","og_site_name":"Delocos","article_modified_time":"2026-01-12T21:19:18+00:00","twitter_card":"summary_large_image","twitter_misc":{"Temps estimat de lectura":"1 minut"},"schema":{"@context":"https:\/\/schema.org","@graph":[{"@type":"WebPage","@id":"https:\/\/delocosrestaurant.com\/tarrega\/contactos-y-reservas","url":"https:\/\/delocosrestaurant.com\/tarrega\/contactos-y-reservas","name":"Cont\u00e1ctanos o haz tu reserva - Delocos","isPartOf":{"@id":"https:\/\/delocosrestaurant.com\/#website"},"datePublished":"2024-02-02T21:16:28+00:00","dateModified":"2026-01-12T21:19:18+00:00","description":"\u00bfTe gustar\u00eda reservar una mesa en DeLocos? \u00bfQuieres saber m\u00e1s de nuestra sala privada? Todo lo que necesitas est\u00e1 en esta p\u00e1gina","breadcrumb":{"@id":"https:\/\/delocosrestaurant.com\/tarrega\/contactos-y-reservas#breadcrumb"},"inLanguage":"ca","potentialAction":[{"@type":"ReadAction","target":["https:\/\/delocosrestaurant.com\/tarrega\/contactos-y-reservas"]}]},{"@type":"BreadcrumbList","@id":"https:\/\/delocosrestaurant.com\/tarrega\/contactos-y-reservas#breadcrumb","itemListElement":[{"@type":"ListItem","position":1,"name":"Portada","item":"https:\/\/delocosrestaurant.com\/"},{"@type":"ListItem","position":2,"name":"Restaurante en T\u00e0rrega","item":"https:\/\/delocosrestaurant.com\/tarrega"},{"@type":"ListItem","position":3,"name":"Contacto"}]},{"@type":"WebSite","@id":"https:\/\/delocosrestaurant.com\/#website","url":"https:\/\/delocosrestaurant.com\/","name":"Delocos","description":"","publisher":{"@id":"https:\/\/delocosrestaurant.com\/#organization"},"potentialAction":[{"@type":"SearchAction","target":{"@type":"EntryPoint","urlTemplate":"https:\/\/delocosrestaurant.com\/?s={search_term_string}"},"query-input":{"@type":"PropertyValueSpecification","valueRequired":true,"valueName":"search_term_string"}}],"inLanguage":"ca"},{"@type":"Organization","@id":"https:\/\/delocosrestaurant.com\/#organization","name":"Delocos","url":"https:\/\/delocosrestaurant.com\/","logo":{"@type":"ImageObject","inLanguage":"ca","@id":"https:\/\/delocosrestaurant.com\/#\/schema\/logo\/image\/","url":"https:\/\/delocosrestaurant.com\/wp-content\/uploads\/2023\/12\/Mesa-de-trabajo-1_1-_1_-1.webp","contentUrl":"https:\/\/delocosrestaurant.com\/wp-content\/uploads\/2023\/12\/Mesa-de-trabajo-1_1-_1_-1.webp","width":1908,"height":422,"caption":"Delocos"},"image":{"@id":"https:\/\/delocosrestaurant.com\/#\/schema\/logo\/image\/"}}]}},"_links":{"self":[{"href":"https:\/\/delocosrestaurant.com\/ca\/wp-json\/wp\/v2\/pages\/385","targetHints":{"allow":["GET"]}}],"collection":[{"href":"https:\/\/delocosrestaurant.com\/ca\/wp-json\/wp\/v2\/pages"}],"about":[{"href":"https:\/\/delocosrestaurant.com\/ca\/wp-json\/wp\/v2\/types\/page"}],"author":[{"embeddable":true,"href":"https:\/\/delocosrestaurant.com\/ca\/wp-json\/wp\/v2\/users\/1"}],"replies":[{"embeddable":true,"href":"https:\/\/delocosrestaurant.com\/ca\/wp-json\/wp\/v2\/comments?post=385"}],"version-history":[{"count":88,"href":"https:\/\/delocosrestaurant.com\/ca\/wp-json\/wp\/v2\/pages\/385\/revisions"}],"predecessor-version":[{"id":2927,"href":"https:\/\/delocosrestaurant.com\/ca\/wp-json\/wp\/v2\/pages\/385\/revisions\/2927"}],"up":[{"embeddable":true,"href":"https:\/\/delocosrestaurant.com\/ca\/wp-json\/wp\/v2\/pages\/11"}],"wp:attachment":[{"href":"https:\/\/delocosrestaurant.com\/ca\/wp-json\/wp\/v2\/media?parent=385"}],"curies":[{"name":"wp","href":"https:\/\/api.w.org\/{rel}","templated":true}]}}